{"id":569,"date":"2015-11-12T13:15:31","date_gmt":"2015-11-12T11:15:31","guid":{"rendered":"http:\/\/www.tubinsociety.com\/WP\/?post_type=product&#038;p=569"},"modified":"2025-04-10T18:53:07","modified_gmt":"2025-04-10T15:53:07","slug":"eduard-tubin-klaveriteosed-i-preluudid-eduard-tubin-piano-works-i-preludes","status":"publish","type":"product","link":"https:\/\/www.tubinsociety.com\/?product=eduard-tubin-klaveriteosed-i-preluudid-eduard-tubin-piano-works-i-preludes&lang=et","title":{"rendered":"Eduard Tubin. Klaveriteosed I. Prel\u00fc\u00fcdid \/ Eduard Tubin. Piano Works I. Preludes"},"content":{"rendered":"<p><strong>Eduard Tubina Kogutud Teoste separaatv\u00e4ljaanne \/ Separate edition of Eduard Tubin Complete Works<\/strong><\/p>\n<p><strong>Sisukord \/ Contents:<\/strong><\/p>\n<p>Prel\u00fc\u00fcd nr. 1 b-moll, ETW 30-1 \/ Prelude No. 1 in B flat minor, ETW 30-1<br \/>\nPrel\u00fc\u00fcd nr. 2 f-moll ETW 30-2 \/ Prelude No. 2 in F minor, ETW 30-2<br \/>\nPrel\u00fc\u00fcd nr. 3 (nr. 2), ETW 33-1 \/ Prelude No. 3 (No. 2), ETW 33-1<br \/>\nPrel\u00fc\u00fcd nr. 4 (nr. 3, Eesti viis), ETW 33-2 \/ Prelude No. 4 (No. 3, Estonian tune), ETW 33-2<br \/>\nPrel\u00fc\u00fcd nr. 5 (Hetk), ETW 33-3 \/ Prelude No. 5 (A Moment), ETW 33-3<br \/>\nPrel\u00fc\u00fcd nr. 6 D-duur, ETW 36 \/ Prelude No. 6 in D Major, ETW 36<br \/>\nPrel\u00fc\u00fcd nr. 7, ETW 43 \/ Prelude No. 7, ETW 43<br \/>\nPrel\u00fc\u00fcd nr.8 (nr. 4), ETW 46-1 \/ Prelude No. 8 (No. 4), ETW 46-1<br \/>\nPrel\u00fc\u00fcd nr. 9 (nr. 5), ETW 46-2 \/ Prelude No. 8 (No. 5), ETW 46-2<br \/>\nPrel\u00fc\u00fcd nr. 10 (nr. 6), ETW 46-3 \/ Prelude No. 10 (No. 6), ETW 46-3<br \/>\nPrel\u00fc\u00fcd nr. 11 (nr. 7), ETW 46-4 \/ Prelude No. 11 (No. 7), ETW 46-4<br \/>\nPrel\u00fc\u00fcd nr. 12 (nr. 8, Eesti viis), ETW 46-5 \/ Prelude No. 12 (No. 8, Estonian tune), ETW 46-5<br \/>\nPrel\u00fc\u00fcd nr. 13 (nr. 9), ETW 46-6 \/ Prelude No. 13 (No. 9), ETW 46-6<br \/>\nPrel\u00fc\u00fcd nr. 14 (nr. 10, <em>Chaconne<\/em>), ETW 46-7 \/ Prelude No. 14 (No. 10, <em>Chaconne<\/em>), ETW 46-7<\/p>\n<p>Toimetanud Vardo Rumessen \/ Edited by Vardo Rumessen.<br \/>\nRahvusvaheline Eduard Tubina \u00dching \/ Gehrmans Musikf\u00f6rlag<br \/>\nInternational Eduard Tubin Society \/ Gehrmans Musikf\u00f6rlag<br \/>\nTallinn \/ Stockholm 2005<br \/>\n40 lk \/ 40 pp<br \/>\nISBN 9949-10-941-8<\/p>\n<p><span style=\"color: #ff0000;\">Toode on l\u00e4bi m\u00fc\u00fcdud!<\/span><\/p>\n","protected":false},"excerpt":{"rendered":"<p><strong>Eduard Tubina Kogutud Teoste separaatv\u00e4ljaanne \/ Separate edition of Eduard Tubin Complete Works<\/strong> Toimetanud Vardo Rumessen \/ Edited by Vardo Rumessen. Rahvusvaheline Eduard Tubina \u00dching \/ Gehrmans Musikf\u00f6rlag International Eduard Tubin Society \/ Gehrmans Musikf\u00f6rlag Tallinn \/ Stockholm 2005 40 lk \/ 40 pp ISBN 9949-10-941-8<\/p>\n<p><span style=\"color: #ff0000;\">Toode on l\u00e4bi m\u00fc\u00fcdud!\u00a0<\/span><\/p>\n","protected":false},"featured_media":636,"comment_status":"closed","ping_status":"closed","template":"","meta":[],"product_brand":[],"product_cat":[6],"product_tag":[],"class_list":{"0":"post-569","1":"product","2":"type-product","3":"status-publish","4":"has-post-thumbnail","6":"product_cat-noodid","7":"post","8":"post-with-thumbnail","9":"post-with-thumbnail-large","11":"first","12":"outofstock","13":"shipping-taxable","14":"purchasable","15":"product-type-simple"},"jetpack_sharing_enabled":true,"_links":{"self":[{"href":"https:\/\/www.tubinsociety.com\/index.php?rest_route=\/wp\/v2\/product\/569","targetHints":{"allow":["GET"]}}],"collection":[{"href":"https:\/\/www.tubinsociety.com\/index.php?rest_route=\/wp\/v2\/product"}],"about":[{"href":"https:\/\/www.tubinsociety.com\/index.php?rest_route=\/wp\/v2\/types\/product"}],"replies":[{"embeddable":true,"href":"https:\/\/www.tubinsociety.com\/index.php?rest_route=%2Fwp%2Fv2%2Fcomments&post=569"}],"wp:featuredmedia":[{"embeddable":true,"href":"https:\/\/www.tubinsociety.com\/index.php?rest_route=\/wp\/v2\/media\/636"}],"wp:attachment":[{"href":"https:\/\/www.tubinsociety.com\/index.php?rest_route=%2Fwp%2Fv2%2Fmedia&parent=569"}],"wp:term":[{"taxonomy":"product_brand","embeddable":true,"href":"https:\/\/www.tubinsociety.com\/index.php?rest_route=%2Fwp%2Fv2%2Fproduct_brand&post=569"},{"taxonomy":"product_cat","embeddable":true,"href":"https:\/\/www.tubinsociety.com\/index.php?rest_route=%2Fwp%2Fv2%2Fproduct_cat&post=569"},{"taxonomy":"product_tag","embeddable":true,"href":"https:\/\/www.tubinsociety.com\/index.php?rest_route=%2Fwp%2Fv2%2Fproduct_tag&post=569"}],"curies":[{"name":"wp","href":"https:\/\/api.w.org\/{rel}","templated":true}]}}